{"id":133,"date":"2018-02-05T20:04:13","date_gmt":"2018-02-05T20:04:13","guid":{"rendered":"http:\/\/sginspecao.com.br\/gnv\/?page_id=133"},"modified":"2020-02-05T14:09:50","modified_gmt":"2020-02-05T14:09:50","slug":"vistoria-de-kit-gas","status":"publish","type":"page","link":"https:\/\/sginspecao.com.br\/gnv\/vistoria-de-kit-gas\/","title":{"rendered":"Inspe\u00e7\u00e3o kit g\u00e1s"},"content":{"rendered":"<p>Inspe\u00e7\u00e3o de kit g\u00e1s em ve\u00edculos convertidos para GNV: <!--more--><\/p>\n<blockquote><p><strong>Fa\u00e7a sua inspe\u00e7\u00e3o GNV com a SG INSPE\u00c7\u00c3O, empresa l\u00edder no RJ com Acredita\u00e7\u00e3o da Coordena\u00e7\u00e3o Geral de Acredita\u00e7\u00e3o do INMETRO e DENATRAN!<\/strong><\/p><\/blockquote>\n<p>Somos uma dos maiores\u00a0 centros de inspe\u00e7\u00e3o em Kit GNV do RJ, com ampla experi\u00eancia em inspe\u00e7\u00e3o veicular.<\/p>\n<div class=\"su-note\"  style=\"border-color:#a9c2dc;border-radius:3px;-moz-border-radius:3px;-webkit-border-radius:3px;\"><div class=\"su-note-inner su-u-clearfix su-u-trim\" style=\"background-color:#c3dcf6;border-color:#ffffff;color:#333333;border-radius:3px;-moz-border-radius:3px;-webkit-border-radius:3px;\"> A\u00a0<a href=\"https:\/\/sginspecao.com.br\/gnv\"><strong>SG INSPE\u00c7\u00c3O<\/strong><\/a>\u00a0oferece os menores pre\u00e7os em inspe\u00e7\u00e3o de Kit GNV, com equipe de profissionais experientes e treinados em inspe\u00e7\u00e3o veicular GNV, atendendo ve\u00edculos de S\u00e3o Gon\u00e7alo e do Grande Rio. <\/div><\/div>\n<p>Saiba mais:<\/p>\n<div class=\"su-spoiler su-spoiler-style-fancy su-spoiler-icon-arrow su-spoiler-closed\" data-scroll-offset=\"0\" data-anchor-in-url=\"no\"><div class=\"su-spoiler-title\" tabindex=\"0\" role=\"button\"><span class=\"su-spoiler-icon\"><\/span>DOCUMENTOS NECESS\u00c1RIOS \u00c0 VISTORIA GNV:<\/div><div class=\"su-spoiler-content su-u-clearfix su-u-trim\">\n<p>Documentos necess\u00e1rios para a 1\u00aa vistoria do ve\u00edculo convertido ao GNV s\u00e3o:<br \/>\n\u2013 Autoriza\u00e7\u00e3o pr\u00e9via do Detran, solicitada pelo tele-atendimento 3460-4040 op\u00e7\u00e3o 7;<br \/>\n\u2013 Documento do ve\u00edculo (CRLV) (nos casos de ve\u00edculos 0KM dever\u00e1 ser apresentada a Nota fiscal de compra);<br \/>\n\u2013 Atestado de Qualidade da empresa instaladora, comprovando o registro acreditada pela Coordena\u00e7\u00e3o Geral de Acredita\u00e7\u00e3o do INMETRO;<br \/>\n\u2013 CNH do condutor;<br \/>\n\u2013 Certificado de Conformidade\u201d do cilindro;<br \/>\n\u2013 Nota Fiscal do servi\u00e7o de instala\u00e7\u00e3o executado no veiculo;<br \/>\n\u2013 Nota Fiscal de compra dos componentes do sistema GNV.<\/p>\n<\/div><\/div>\n<div class=\"su-spoiler su-spoiler-style-fancy su-spoiler-icon-arrow su-spoiler-closed\" data-scroll-offset=\"0\" data-anchor-in-url=\"no\"><div class=\"su-spoiler-title\" tabindex=\"0\" role=\"button\"><span class=\"su-spoiler-icon\"><\/span>A VISTORIA \u00c9 OBRIGAT\u00d3RIO PARA O LICENCIAMENTO ANUAL?<\/div><div class=\"su-spoiler-content su-u-clearfix su-u-trim\">\n<p>Sim.\u00a0 Ao transitar com o ve\u00edculo portando a documenta\u00e7\u00e3o do GNV com validade vencida, o propriet\u00e1rio poder\u00e1 ter o licenciamento anual do seu carro negado pelo DETRAN e ter o ve\u00edculo apreendido pela autoridade de tr\u00e2nsito.<br \/>\n<strong>A inspe\u00e7\u00e3o do veiculo convertido ao uso de gnv deve ser renovada todos os anos na data descrita no verso do selo.<\/strong><\/p>\n<\/div><\/div>\n<div class=\"su-spoiler su-spoiler-style-fancy su-spoiler-icon-arrow su-spoiler-closed\" data-scroll-offset=\"0\" data-anchor-in-url=\"no\"><div class=\"su-spoiler-title\" tabindex=\"0\" role=\"button\"><span class=\"su-spoiler-icon\"><\/span>IMPORTANTE SABER ANTES DE CONVERTER SEU VE\u00cdCULO:<\/div><div class=\"su-spoiler-content su-u-clearfix su-u-trim\">\n<p>Antes de converter seu ve\u00edculo, considere:<br \/>\n\u2013 Antes de se decidir sobre a convers\u00e3o do seu ve\u00edculo, pesquise as diferentes op\u00e7\u00f5es de kits de convers\u00e3o (cilindro e redutor) e de empresas registradas na sua cidade ou regi\u00e3o.<br \/>\n\u2013 Visite a empresa e pe\u00e7a informa\u00e7\u00f5es para o respons\u00e1vel t\u00e9cnico quanto aos aspectos de seguran\u00e7a, desempenho, adequa\u00e7\u00e3o ao seu modelo de ve\u00edculo e consumo relativos ao kit comercializado pela empresa.<br \/>\n\u2013 A grande perda de pot\u00eancia, um mito antigo nas instala\u00e7\u00f5es dos sistemas de gnv, hoje encontra-se superado, existe tecnologia que acarreta uma perda na ordem de 2 a 3% da pot\u00eancia do ve\u00edculo.<br \/>\n\u2013 Lembre-se: exija sempre a Nota Fiscal do servi\u00e7o de convers\u00e3o e dos componentes instalados no seu ve\u00edculo. No corpo da Nota Fiscal dever\u00e1 constar os n\u00fameros dos principais componentes dos Kits (cilindro e redutor).<\/p>\n<\/div><\/div>\n<div class=\"su-spoiler su-spoiler-style-fancy su-spoiler-icon-arrow su-spoiler-closed\" data-scroll-offset=\"0\" data-anchor-in-url=\"no\"><div class=\"su-spoiler-title\" tabindex=\"0\" role=\"button\"><span class=\"su-spoiler-icon\"><\/span>DOCUMENTOS NECESS\u00c1RIOS PARA INSPE\u00c7\u00c3O INICIAL, APOS A CONVERS\u00c3O GNV<\/div><div class=\"su-spoiler-content su-u-clearfix su-u-trim\">\n<p>CRLV;<br \/>\nCNH condutor;<br \/>\nCertificado de conformidade do cilindro;<br \/>\nAtestado de qualidade do convertedor homologado;<br \/>\nNotas fiscais de instala\u00e7\u00e3o e venda do Kit-GNV<br \/>\nAutoriza\u00e7\u00e3o pr\u00e9via DETRAN RJ: (21) 3460-4041 ou (21) 3460-4040<\/p>\n<\/div><\/div>\n<div class=\"su-spoiler su-spoiler-style-fancy su-spoiler-icon-arrow su-spoiler-closed\" data-scroll-offset=\"0\" data-anchor-in-url=\"no\"><div class=\"su-spoiler-title\" tabindex=\"0\" role=\"button\"><span class=\"su-spoiler-icon\"><\/span>DOCUMENTOS NECESS\u00c1RIOS PARA INSPE\u00c7\u00c3O NA RENOVA\u00c7\u00c3O<\/div><div class=\"su-spoiler-content su-u-clearfix su-u-trim\">\n<p>CRLV;<br \/>\nCNH condutor;<br \/>\nSelo g\u00e1s natural vigente.<\/p>\n<p>Ao transitar com o ve\u00edculo portando a documenta\u00e7\u00e3o do GNV com validade vencida, o propriet\u00e1rio poder\u00e1 ter o licenciamento anual do seu carro negado pelo DETRAN e ter o ve\u00edculo apreendido pela autoridade de tr\u00e2nsito.<\/p>\n<p>N\u00e3o \u00e9 permitido a instala\u00e7\u00e3o de gnv em sistema turbo-alimentados adaptados. com exce\u00e7\u00e3o para os ve\u00edculo sobrealimentados de f\u00e1brica. Resolu\u00e7\u00e3o do CONAMA<\/p>\n<p>Todo cilindro de GNV deve ser requalificado (testado) a cada 5 anos.<\/p>\n<\/div><\/div>\n<hr \/>\n<p><strong>D\u00favidas sobre o inspe\u00e7\u00e3o de seu kit GNV? <a href=\"https:\/\/sginspecao.com.br\/gnv\/contatos\/\">Clique aqui e fale conosco<\/a>.<\/strong><\/p>\n<hr \/>\n<blockquote><p><strong>Fa\u00e7a a sua inspe\u00e7\u00e3o com a SG INSPE\u00c7\u00c3O: l\u00edder em inspe\u00e7\u00e3o de kit GNV no RJ!<br \/>\nAceitamos todos os cart\u00f5es: <a href=\"https:\/\/sginspecao.com.br\/gnv\/contatos\/\">clique aqui<\/a> e agende sua inspe\u00e7\u00e3o!<\/strong><\/p><\/blockquote>\n<a href=\"https:\/\/sginspecao.com.br\/gnv\/contatos\/\" class=\"su-button su-button-style-default\" style=\"color:#FFFFFF;background-color:#3770AB;border-color:#2c5a89;border-radius:6px\" target=\"_self\"><span style=\"color:#FFFFFF;padding:6px 18px;font-size:14px;line-height:21px;border-color:#739bc5;border-radius:6px;text-shadow:none\"><i class=\"sui sui-phone\" style=\"font-size:14px;color:#FFFFFF\"><\/i> Fa\u00e7a seu agendamento<\/span><\/a> <a href=\"https:\/\/sginspecao.com.br\/gnv\/precos\/\" class=\"su-button su-button-style-default\" style=\"color:#FFFFFF;background-color:#3770AB;border-color:#2c5a89;border-radius:6px\" target=\"_self\"><span style=\"color:#FFFFFF;padding:6px 18px;font-size:14px;line-height:21px;border-color:#739bc5;border-radius:6px;text-shadow:none\"><i class=\"sui sui-calendar\" style=\"font-size:14px;color:#FFFFFF\"><\/i> Ver tabela de pre\u00e7os<\/span><\/a>\n<p>&nbsp;<\/p>\n<p><a href=\"https:\/\/sginspecao.com.br\/gnv\/contatos\/\"><img loading=\"lazy\" decoding=\"async\" class=\"alignnone wp-image-566 size-full\" title=\"SOLICITE NOSSO OR\u00c7AMENTO - SG INSPE\u00c7\u00c3O VEICULAR\" src=\"https:\/\/sginspecao.com.br\/gnv\/wp-content\/uploads\/2020\/02\/baner07.jpg\" alt=\"SG Inspe\u00e7\u00e3o\" width=\"800\" height=\"220\" srcset=\"https:\/\/sginspecao.com.br\/gnv\/wp-content\/uploads\/2020\/02\/baner07.jpg 800w, https:\/\/sginspecao.com.br\/gnv\/wp-content\/uploads\/2020\/02\/baner07-300x83.jpg 300w, https:\/\/sginspecao.com.br\/gnv\/wp-content\/uploads\/2020\/02\/baner07-768x211.jpg 768w, https:\/\/sginspecao.com.br\/gnv\/wp-content\/uploads\/2020\/02\/baner07-360x99.jpg 360w\" sizes=\"auto, (max-width: 800px) 100vw, 800px\" \/><\/a><\/p>\n","protected":false},"excerpt":{"rendered":"<p>Inspe\u00e7\u00e3o de kit g\u00e1s em ve\u00edculos convertidos para GNV:<\/p>\n","protected":false},"author":1,"featured_media":0,"parent":0,"menu_order":0,"comment_status":"closed","ping_status":"closed","template":"","meta":{"footnotes":"","_links_to":"","_links_to_target":""},"class_list":["post-133","page","type-page","status-publish","hentry"],"_links":{"self":[{"href":"https:\/\/sginspecao.com.br\/gnv\/wp-json\/wp\/v2\/pages\/133","targetHints":{"allow":["GET"]}}],"collection":[{"href":"https:\/\/sginspecao.com.br\/gnv\/wp-json\/wp\/v2\/pages"}],"about":[{"href":"https:\/\/sginspecao.com.br\/gnv\/wp-json\/wp\/v2\/types\/page"}],"author":[{"embeddable":true,"href":"https:\/\/sginspecao.com.br\/gnv\/wp-json\/wp\/v2\/users\/1"}],"replies":[{"embeddable":true,"href":"https:\/\/sginspecao.com.br\/gnv\/wp-json\/wp\/v2\/comments?post=133"}],"version-history":[{"count":29,"href":"https:\/\/sginspecao.com.br\/gnv\/wp-json\/wp\/v2\/pages\/133\/revisions"}],"predecessor-version":[{"id":574,"href":"https:\/\/sginspecao.com.br\/gnv\/wp-json\/wp\/v2\/pages\/133\/revisions\/574"}],"wp:attachment":[{"href":"https:\/\/sginspecao.com.br\/gnv\/wp-json\/wp\/v2\/media?parent=133"}],"curies":[{"name":"wp","href":"https:\/\/api.w.org\/{rel}","templated":true}]}}