{"id":137,"date":"2018-02-05T20:05:56","date_gmt":"2018-02-05T20:05:56","guid":{"rendered":"http:\/\/sginspecao.com.br\/gnv\/?page_id=137"},"modified":"2020-02-05T14:10:36","modified_gmt":"2020-02-05T14:10:36","slug":"outras-inspecoes-e-vistorias","status":"publish","type":"page","link":"https:\/\/sginspecao.com.br\/gnv\/outras-inspecoes-e-vistorias\/","title":{"rendered":"Outras inspe\u00e7\u00f5es"},"content":{"rendered":"<p><strong>Clique nos t\u00f3picos abaixo para acessar nossas inspe\u00e7\u00f5es, com Acredita\u00e7\u00e3o da Coordena\u00e7\u00e3o Geral de Acredita\u00e7\u00e3o do INMETRO\u00a0 e Denatran:<\/strong><\/p>\n<a href=\"https:\/\/sginspecao.com.br\/gnv\/vistoria-de-kit-gas\/\" class=\"su-button su-button-style-default\" style=\"color:#FFFFFF;background-color:#3770AB;border-color:#2c5a89;border-radius:5px\" target=\"_self\" title=\"Inspe\u00e7\u00e3o de Kit G\u00e1s\"><span style=\"color:#FFFFFF;padding:6px 16px;font-size:13px;line-height:20px;border-color:#739bc5;border-radius:5px;text-shadow:none\"><i class=\"sui sui-paperclip\" style=\"font-size:13px;color:#FFFFFF\"><\/i> Inspe\u00e7\u00e3o de Kit G\u00e1s<\/span><\/a>\n<hr \/>\n<a href=\"https:\/\/sginspecao.com.br\/gnv\/outras-inspecoes-e-vistorias\/vistoria-em-transformados\/\" class=\"su-button su-button-style-default\" style=\"color:#FFFFFF;background-color:#3770AB;border-color:#2c5a89;border-radius:5px\" target=\"_self\" title=\"Inspe\u00e7\u00e3o de ve\u00edculos transformados\"><span style=\"color:#FFFFFF;padding:6px 16px;font-size:13px;line-height:20px;border-color:#739bc5;border-radius:5px;text-shadow:none\"><i class=\"sui sui-paperclip\" style=\"font-size:13px;color:#FFFFFF\"><\/i> Inspe\u00e7\u00e3o de ve\u00edculos transformados<\/span><\/a>\n<hr \/>\n<a href=\"https:\/\/sginspecao.com.br\/gnv\/outras-inspecoes-e-vistorias\/vistoria-em-blindados\/\" class=\"su-button su-button-style-default\" style=\"color:#FFFFFF;background-color:#3770AB;border-color:#2c5a89;border-radius:5px\" target=\"_self\" title=\"Inspe\u00e7\u00e3o em ve\u00edculos blindados\"><span style=\"color:#FFFFFF;padding:6px 16px;font-size:13px;line-height:20px;border-color:#739bc5;border-radius:5px;text-shadow:none\"><i class=\"sui sui-paperclip\" style=\"font-size:13px;color:#FFFFFF\"><\/i> Inspe\u00e7\u00e3o de\u00a0 ve\u00edculos blindados<\/span><\/a>\n<hr \/>\n<a href=\"https:\/\/sginspecao.com.br\/gnv\/outras-inspecoes-e-vistorias\/vistoria-em-sinistrados\/\" class=\"su-button su-button-style-default\" style=\"color:#FFFFFF;background-color:#3770AB;border-color:#2c5a89;border-radius:5px\" target=\"_self\" title=\"Inspe\u00e7\u00e3o em ve\u00edculos sinistrados\"><span style=\"color:#FFFFFF;padding:6px 16px;font-size:13px;line-height:20px;border-color:#739bc5;border-radius:5px;text-shadow:none\"><i class=\"sui sui-paperclip\" style=\"font-size:13px;color:#FFFFFF\"><\/i> Inspe\u00e7\u00e3o de ve\u00edculos sinistrados<\/span><\/a>\n<hr \/>\n<a href=\"https:\/\/sginspecao.com.br\/gnv\/caminhoes-onibus-e-motos\/\" class=\"su-button su-button-style-default\" style=\"color:#FFFFFF;background-color:#3770AB;border-color:#2c5a89;border-radius:5px\" target=\"_self\" title=\"Inspe\u00e7\u00e3o caminh\u00f5es, \u00f4nibus e motocicletas\"><span style=\"color:#FFFFFF;padding:6px 16px;font-size:13px;line-height:20px;border-color:#739bc5;border-radius:5px;text-shadow:none\"><i class=\"sui sui-paperclip\" style=\"font-size:13px;color:#FFFFFF\"><\/i> Inspe\u00e7\u00e3o caminh\u00f5es, \u00f4nibus e motocicletas<\/span><\/a>\n<hr \/>\n<a href=\"https:\/\/sginspecao.com.br\/gnv\/escopo\/\" class=\"su-button su-button-style-default\" style=\"color:#FFFFFF;background-color:#3770AB;border-color:#2c5a89;border-radius:5px\" target=\"_self\" title=\"Escopo de nossos servi\u00e7os\"><span style=\"color:#FFFFFF;padding:6px 16px;font-size:13px;line-height:20px;border-color:#739bc5;border-radius:5px;text-shadow:none\"><i class=\"sui sui-paperclip\" style=\"font-size:13px;color:#FFFFFF\"><\/i> Escopo de nossos servi\u00e7os<\/span><\/a>\n<hr \/>\n<p><a href=\"https:\/\/sginspecao.com.br\/gnv\/contatos\/\"><img loading=\"lazy\" decoding=\"async\" class=\"alignnone wp-image-566 size-full\" title=\"SOLICITE NOSSO OR\u00c7AMENTO - SG INSPE\u00c7\u00c3O VEICULAR\" src=\"https:\/\/sginspecao.com.br\/gnv\/wp-content\/uploads\/2020\/02\/baner07.jpg\" alt=\"SG Inspe\u00e7\u00e3o\" width=\"800\" height=\"220\" srcset=\"https:\/\/sginspecao.com.br\/gnv\/wp-content\/uploads\/2020\/02\/baner07.jpg 800w, https:\/\/sginspecao.com.br\/gnv\/wp-content\/uploads\/2020\/02\/baner07-300x83.jpg 300w, https:\/\/sginspecao.com.br\/gnv\/wp-content\/uploads\/2020\/02\/baner07-768x211.jpg 768w, https:\/\/sginspecao.com.br\/gnv\/wp-content\/uploads\/2020\/02\/baner07-360x99.jpg 360w\" sizes=\"auto, (max-width: 800px) 100vw, 800px\" \/><\/a><\/p>\n","protected":false},"excerpt":{"rendered":"<p>Clique nos t\u00f3picos abaixo para acessar nossas inspe\u00e7\u00f5es, com Acredita\u00e7\u00e3o da Coordena\u00e7\u00e3o Geral de Acredita\u00e7\u00e3o do INMETRO\u00a0 e Denatran:<\/p>\n","protected":false},"author":1,"featured_media":0,"parent":0,"menu_order":0,"comment_status":"closed","ping_status":"closed","template":"","meta":{"footnotes":"","_links_to":"","_links_to_target":""},"class_list":["post-137","page","type-page","status-publish","hentry"],"_links":{"self":[{"href":"https:\/\/sginspecao.com.br\/gnv\/wp-json\/wp\/v2\/pages\/137","targetHints":{"allow":["GET"]}}],"collection":[{"href":"https:\/\/sginspecao.com.br\/gnv\/wp-json\/wp\/v2\/pages"}],"about":[{"href":"https:\/\/sginspecao.com.br\/gnv\/wp-json\/wp\/v2\/types\/page"}],"author":[{"embeddable":true,"href":"https:\/\/sginspecao.com.br\/gnv\/wp-json\/wp\/v2\/users\/1"}],"replies":[{"embeddable":true,"href":"https:\/\/sginspecao.com.br\/gnv\/wp-json\/wp\/v2\/comments?post=137"}],"version-history":[{"count":19,"href":"https:\/\/sginspecao.com.br\/gnv\/wp-json\/wp\/v2\/pages\/137\/revisions"}],"predecessor-version":[{"id":575,"href":"https:\/\/sginspecao.com.br\/gnv\/wp-json\/wp\/v2\/pages\/137\/revisions\/575"}],"wp:attachment":[{"href":"https:\/\/sginspecao.com.br\/gnv\/wp-json\/wp\/v2\/media?parent=137"}],"curies":[{"name":"wp","href":"https:\/\/api.w.org\/{rel}","templated":true}]}}