{"id":139,"date":"2018-02-05T20:06:23","date_gmt":"2018-02-05T20:06:23","guid":{"rendered":"http:\/\/sginspecao.com.br\/gnv\/?page_id=139"},"modified":"2020-02-05T14:21:42","modified_gmt":"2020-02-05T14:21:42","slug":"vistoria-em-sinistrados","status":"publish","type":"page","link":"https:\/\/sginspecao.com.br\/gnv\/outras-inspecoes-e-vistorias\/vistoria-em-sinistrados\/","title":{"rendered":"Inspe\u00e7\u00e3o em sinistrados"},"content":{"rendered":"<p><strong>Disponibilizamos inspe\u00e7\u00e3o em ve\u00edculos sinistrados:<\/strong><\/p>\n<blockquote><p><strong>Fale conosco e agende sua inspe\u00e7\u00e3o com a <a href=\"https:\/\/sginspecao.com.br\/gnv\">SG INSPE\u00c7\u00c3O<\/a>: uma empresa l\u00edder em inspe\u00e7\u00e3o veicular no RJ, com Acredita\u00e7\u00e3o da Coordena\u00e7\u00e3o Geral de Acredita\u00e7\u00e3o do INMETRO<\/strong><\/p>\n<p>Fa\u00e7a a sua inspe\u00e7\u00e3o com uma empresa l\u00edder e credenciada pelo Denatran e Acreditada pela Coordena\u00e7\u00e3o Geral de Acredita\u00e7\u00e3o do INMETRO.<\/p><\/blockquote>\n<p>&nbsp;<\/p>\n<p>A <strong><a href=\"https:\/\/sginspecao.com.br\/gnv\">SG INSPE\u00c7\u00c3O<\/a><\/strong> oferece os menores pre\u00e7os, uma equipe de profissionais especializados, cuidados e acima de tudo, realizada uma inspe\u00e7\u00e3o adequada \u00e1s exig\u00eancias do Denatran.<\/p>\n<p>&nbsp;<\/p>\n<p>Saiba mais:<\/p>\n<div class=\"su-spoiler su-spoiler-style-fancy su-spoiler-icon-arrow su-spoiler-closed\" data-scroll-offset=\"0\" data-anchor-in-url=\"no\"><div class=\"su-spoiler-title\" tabindex=\"0\" role=\"button\"><span class=\"su-spoiler-icon\"><\/span>SAIBA MAIS SOBRE INSPE\u00c7\u00c3O EM CARROS SINISTRADOS:<\/div><div class=\"su-spoiler-content su-u-clearfix su-u-trim\">\n<p>Se o seu carro teve o documento bloqueado ap\u00f3s ter se envolvido em acidente ou leil\u00e3o, por exemplo, carro retomado de financiamento. \u00e9 porque a nova Legisla\u00e7\u00e3o de Tr\u00e2nsito estabelece que ele s\u00f3 poder\u00e1 retornar \u00e0 circula\u00e7\u00e3o depois de ser aprovado em uma Inspe\u00e7\u00e3o de Seguran\u00e7a.<br \/>\nPara regularizar a situa\u00e7\u00e3o do ve\u00edculo, ap\u00f3s o conserto, basta apresenta-lo para inspe\u00e7\u00e3o em uma de nossas unidades de atendimento.<br \/>\nSer\u00e3o avaliados os sistemas de dire\u00e7\u00e3o, freios, suspens\u00e3o, carro\u00e7aria, ilumina\u00e7\u00e3o, pneus, rodas e componentes obrigat\u00f3rios.<\/p>\n<\/div><\/div>\n<div class=\"su-spoiler su-spoiler-style-fancy su-spoiler-icon-arrow su-spoiler-closed\" data-scroll-offset=\"0\" data-anchor-in-url=\"no\"><div class=\"su-spoiler-title\" tabindex=\"0\" role=\"button\"><span class=\"su-spoiler-icon\"><\/span>E QUANDO O VE\u00cdCULO \u00c9 APROVADO NA INSPE\u00c7\u00c3O?<\/div><div class=\"su-spoiler-content su-u-clearfix su-u-trim\">\nSendo aprovado, \u00e9 emitido um Certificado de Seguran\u00e7a Veicular que possibilita o desbloqueio do documento do ve\u00edculo \u2013 n\u00e3o esque\u00e7a de lev\u00e1-lo quando for fazer a inspe\u00e7\u00e3o.<\/p>\n<\/div><\/div>\n<div class=\"su-spoiler su-spoiler-style-fancy su-spoiler-icon-arrow su-spoiler-closed\" data-scroll-offset=\"0\" data-anchor-in-url=\"no\"><div class=\"su-spoiler-title\" tabindex=\"0\" role=\"button\"><span class=\"su-spoiler-icon\"><\/span>E QUANDO O VE\u00cdCULO \u00c9 REPROVADO NA INSPE\u00c7\u00c3O?<\/div><div class=\"su-spoiler-content su-u-clearfix su-u-trim\">\nSe o ve\u00edculo for reprovado, recebe o <strong>Relat\u00f3rio de Inspe\u00e7\u00e3o<\/strong> contendo a lista para as corre\u00e7\u00f5es. Ap\u00f3s o conserto o ve\u00edculo deve retornar para uma nova inspe\u00e7\u00e3o dos itens reprovados.<\/p>\n<\/div><\/div>\n<div class=\"su-spoiler su-spoiler-style-fancy su-spoiler-icon-arrow su-spoiler-closed\" data-scroll-offset=\"0\" data-anchor-in-url=\"no\"><div class=\"su-spoiler-title\" tabindex=\"0\" role=\"button\"><span class=\"su-spoiler-icon\"><\/span>CONHE\u00c7A OS ITENS MAIS COMUNS NA VISTORIA DE SINISTRADOS:<\/div><div class=\"su-spoiler-content su-u-clearfix su-u-trim\">\n<p>Conhe\u00e7a os defeitos mais comuns detectados em recuperados de sinistro:<\/p>\n<ul>\n<li>Mudan\u00e7a de Carroceria;<\/li>\n<li>Extintor de inc\u00eandio vencido ou inexistente;<\/li>\n<li>Bateria sem prote\u00e7\u00e3o contra curto-circuito;<\/li>\n<li>Desequil\u00edbrio no freio de servi\u00e7o;<\/li>\n<li>Lavador de p\u00e1ra-brisa n\u00e3o funciona;<\/li>\n<li>Desalinhamento na suspens\u00e3o (desvio lateral);<\/li>\n<li>Desequil\u00edbrio no freio de estacionamento;<\/li>\n<li>Luz da placa n\u00e3o funciona ou inexistente;<\/li>\n<li>Bateria mal fixada;<\/li>\n<li>Freio de estacionamento com baixa efici\u00eancia;<\/li>\n<li>Farol desregulado ou queimado;<\/li>\n<li>Freio de servi\u00e7o com baixa efici\u00eancia;<\/li>\n<li>Falta de cinto de seguran\u00e7a ou n\u00e3o funciona;<\/li>\n<li>Bra\u00e7os da Suspens\u00e3o com folga excessiva;<\/li>\n<li>Luz de freio n\u00e3o funciona;<\/li>\n<li>Lanterna n\u00e3o funciona;<\/li>\n<li>Banco sem trava de seguran\u00e7a;<\/li>\n<li>Banco com fixa\u00e7\u00e3o inadequada;<\/li>\n<li>Luz alta n\u00e3o funciona;<\/li>\n<li>Luz de marcha-\u00e0-r\u00e9 n\u00e3o funciona;<\/li>\n<li>Buzina n\u00e3o funciona;<\/li>\n<li>Lanternas com cores inadequadas;<\/li>\n<li>Coifa homocin\u00e9tica com problemas;<\/li>\n<li>Pedais sem prote\u00e7\u00e3o de borracha;<\/li>\n<li>Painel de instrumentos n\u00e3o funciona;<\/li>\n<li>Pneu com desgaste excessivo;<\/li>\n<li>Diferen\u00e7a de ader\u00eancia entre os lados do ve\u00edculo;<\/li>\n<li>Fecho da porta com problemas;<\/li>\n<li>Indicador de luz alta n\u00e3o funciona;<\/li>\n<li>Falta tri\u00e2ngulo de seguran\u00e7a;<\/li>\n<li>P\u00e1ra-choque irregular;<\/li>\n<li>Mangueira de combust\u00edvel vazando;<\/li>\n<li>Falta fecho interno;<\/li>\n<li>Falta cinta de prote\u00e7\u00e3o do card\u00e3;<\/li>\n<li>Falta macaco e\/ou chave de roda;<\/li>\n<li>Cambio com engrenamento dif\u00edcil;<\/li>\n<li>Para-brisa trincado;<\/li>\n<li>Fecho do cinto de seguran\u00e7a n\u00e3o funciona;<\/li>\n<li>Amortecedor com funcionamento inadequado;<\/li>\n<li>Porta-luvas n\u00e3o trava;<\/li>\n<li>Fecho do capo do motor com problemas;<\/li>\n<li>Indicador de combust\u00edvel n\u00e3o funciona;<\/li>\n<li>Pneus transpondo os p\u00e1ra-lamas;<\/li>\n<li>Agregado com recupera\u00e7\u00e3o por solda;<\/li>\n<li>Porta-malas com dificuldade de abertura;<\/li>\n<li>Fixa\u00e7\u00e3o inadequada do cinto de seguran\u00e7a;<\/li>\n<li>Trincas nas travessas do chassi;<\/li>\n<li>L\u00e2mina de mola quebrada;<\/li>\n<li>Roda com porca faltando;<\/li>\n<li>Fixa\u00e7\u00e3o do escapamento deficiente;<\/li>\n<li>Pneus com medidas e tipos diferentes no mesmo eixo;<\/li>\n<li>Retrovisor quebrado;<\/li>\n<li>Roda trincada;<\/li>\n<li>Sistema el\u00e9trico com problemas;<\/li>\n<li>Limpador de p\u00e1ra-brisa n\u00e3o funciona;<\/li>\n<li>Vazamento no sistema de freio.<\/li>\n<\/ul>\n<p>Dentre outros.<\/p>\n<p><a href=\"https:\/\/sginspecao.com.br\/gnv\/contatos\/\">Clique aqui e agende a sua inspe\u00e7\u00e3o<\/a> com a <strong>SG INSPE\u00c7\u00c3O<\/strong>: l\u00edder em inspe\u00e7\u00e3o de ve\u00edculos recuperados de sinistro no RJ!<\/p>\n<\/div><\/div>\n<hr \/>\n<p><strong>D\u00favidas sobre o inspe\u00e7\u00e3o de ve\u00edculo sinistrado? <a href=\"https:\/\/sginspecao.com.br\/gnv\/contatos\/\">Clique aqui e fale conosco<\/a>.<\/strong><\/p>\n<hr \/>\n<blockquote><p><strong>Fa\u00e7a a sua inspe\u00e7\u00e3o com a SG INSPE\u00c7\u00c3O: l\u00edder em inspe\u00e7\u00e3o de sinistrados no RJ!<br \/>\nAceitamos todos os cart\u00f5es: <a href=\"https:\/\/sginspecao.com.br\/gnv\/contatos\/\">clique aqui<\/a> e agende sua inspe\u00e7\u00e3o!<\/strong><\/p><\/blockquote>\n<a href=\"https:\/\/sginspecao.com.br\/gnv\/contatos\/\" class=\"su-button su-button-style-default\" style=\"color:#FFFFFF;background-color:#3770AB;border-color:#2c5a89;border-radius:6px\" target=\"_self\"><span style=\"color:#FFFFFF;padding:6px 18px;font-size:14px;line-height:21px;border-color:#739bc5;border-radius:6px;text-shadow:none\"><i class=\"sui sui-phone\" style=\"font-size:14px;color:#FFFFFF\"><\/i> Fa\u00e7a seu agendamento<\/span><\/a> <a href=\"https:\/\/sginspecao.com.br\/gnv\/precos\/\" class=\"su-button su-button-style-default\" style=\"color:#FFFFFF;background-color:#3770AB;border-color:#2c5a89;border-radius:6px\" target=\"_self\"><span style=\"color:#FFFFFF;padding:6px 18px;font-size:14px;line-height:21px;border-color:#739bc5;border-radius:6px;text-shadow:none\"><i class=\"sui sui-calendar\" style=\"font-size:14px;color:#FFFFFF\"><\/i> Ver tabela de pre\u00e7os<\/span><\/a>\n<p>&nbsp;<\/p>\n<p><a href=\"https:\/\/sginspecao.com.br\/gnv\/contatos\/\"><img loading=\"lazy\" decoding=\"async\" class=\"alignnone wp-image-571 size-full\" src=\"https:\/\/sginspecao.com.br\/gnv\/wp-content\/uploads\/2020\/02\/baner02.jpg\" alt=\"\" width=\"800\" height=\"220\" srcset=\"https:\/\/sginspecao.com.br\/gnv\/wp-content\/uploads\/2020\/02\/baner02.jpg 800w, https:\/\/sginspecao.com.br\/gnv\/wp-content\/uploads\/2020\/02\/baner02-300x83.jpg 300w, https:\/\/sginspecao.com.br\/gnv\/wp-content\/uploads\/2020\/02\/baner02-768x211.jpg 768w, https:\/\/sginspecao.com.br\/gnv\/wp-content\/uploads\/2020\/02\/baner02-360x99.jpg 360w\" sizes=\"auto, (max-width: 800px) 100vw, 800px\" \/><\/a><\/p>\n","protected":false},"excerpt":{"rendered":"<p>Disponibilizamos inspe\u00e7\u00e3o em ve\u00edculos sinistrados: Fale conosco e agende sua inspe\u00e7\u00e3o com a SG INSPE\u00c7\u00c3O: uma empresa l\u00edder em inspe\u00e7\u00e3o veicular no RJ, com Acredita\u00e7\u00e3o da Coordena\u00e7\u00e3o Geral de Acredita\u00e7\u00e3o do INMETRO Fa\u00e7a a sua inspe\u00e7\u00e3o com uma empresa l\u00edder&hellip;&nbsp;<a href=\"https:\/\/sginspecao.com.br\/gnv\/outras-inspecoes-e-vistorias\/vistoria-em-sinistrados\/\" class=\"more-link\">Saiba mais<\/a><\/p>\n","protected":false},"author":1,"featured_media":0,"parent":137,"menu_order":0,"comment_status":"closed","ping_status":"closed","template":"","meta":{"footnotes":"","_links_to":"","_links_to_target":""},"class_list":["post-139","page","type-page","status-publish","hentry"],"_links":{"self":[{"href":"https:\/\/sginspecao.com.br\/gnv\/wp-json\/wp\/v2\/pages\/139","targetHints":{"allow":["GET"]}}],"collection":[{"href":"https:\/\/sginspecao.com.br\/gnv\/wp-json\/wp\/v2\/pages"}],"about":[{"href":"https:\/\/sginspecao.com.br\/gnv\/wp-json\/wp\/v2\/types\/page"}],"author":[{"embeddable":true,"href":"https:\/\/sginspecao.com.br\/gnv\/wp-json\/wp\/v2\/users\/1"}],"replies":[{"embeddable":true,"href":"https:\/\/sginspecao.com.br\/gnv\/wp-json\/wp\/v2\/comments?post=139"}],"version-history":[{"count":22,"href":"https:\/\/sginspecao.com.br\/gnv\/wp-json\/wp\/v2\/pages\/139\/revisions"}],"predecessor-version":[{"id":581,"href":"https:\/\/sginspecao.com.br\/gnv\/wp-json\/wp\/v2\/pages\/139\/revisions\/581"}],"up":[{"embeddable":true,"href":"https:\/\/sginspecao.com.br\/gnv\/wp-json\/wp\/v2\/pages\/137"}],"wp:attachment":[{"href":"https:\/\/sginspecao.com.br\/gnv\/wp-json\/wp\/v2\/media?parent=139"}],"curies":[{"name":"wp","href":"https:\/\/api.w.org\/{rel}","templated":true}]}}