{"id":257,"date":"2018-02-07T12:18:56","date_gmt":"2018-02-07T12:18:56","guid":{"rendered":"http:\/\/sginspecao.com.br\/gnv\/?page_id=257"},"modified":"2023-01-24T15:12:01","modified_gmt":"2023-01-24T15:12:01","slug":"precos","status":"publish","type":"page","link":"https:\/\/sginspecao.com.br\/gnv\/precos\/","title":{"rendered":"Pre\u00e7os"},"content":{"rendered":"<p>Confira nossa tabela de pre\u00e7os, abaixo:<\/p>\n<h2>INSPE\u00c7\u00c3O VEICULAR\u00a0 PRE\u00c7O<\/h2>\n<div class=\"su-table su-table-alternate\">\n<table>\n<tbody>\n<tr>\n<td width=\"50%\">GNV<\/td>\n<td>R$ 280,00<\/td>\n<\/tr>\n<tr>\n<td>Caminh\u00e3o<\/td>\n<td>R$ 600,00<\/td>\n<\/tr>\n<tr>\n<td>Motocicletas<\/td>\n<td>R$ 300,00<\/td>\n<\/tr>\n<tr>\n<td>Sinistrados<\/td>\n<td>R$ 350,00<\/td>\n<\/tr>\n<tr>\n<td>Modificados &#8211; Leve \/ Camioneta<\/td>\n<td>R$ 350,00<\/td>\n<\/tr>\n<tr>\n<td>Modificados &#8211; Caminhonete<\/td>\n<td>R$ 370,00<\/td>\n<\/tr>\n<\/tbody>\n<\/table>\n<\/div>\n<hr \/>\n<p><a href=\"https:\/\/sginspecao.com.br\/gnv\/contatos\/\"><strong>Clique aqui e agende sua inspe\u00e7\u00e3o<\/strong>!<\/a><\/p>\n<p><a href=\"https:\/\/sginspecao.com.br\/gnv\/diferenciais\/\"><strong>Aceitamos todos os cart\u00f5es e temos os menores pre\u00e7os do RJ.<\/strong><\/a><\/p>\n<hr \/>\n<p><strong>Inspe\u00e7\u00e3o GNV com os menores pre\u00e7os do RJ!<\/strong><br \/>\nNa hora de inspecionar seu ve\u00edculo, escolha uma empresa l\u00edder, com a Acredita\u00e7\u00e3o da Coordena\u00e7\u00e3o Geral de Acredita\u00e7\u00e3o do INMETRO e Denatran! Temos os menores pre\u00e7os em inspe\u00e7\u00e3o de kit GNV e em inspe\u00e7\u00e3o de ve\u00edculos blindados, transformados e sinistrados, al\u00e9m de inspe\u00e7\u00f5es para caminh\u00f5es, \u00f4nibus e motocicletas. Atendendo ve\u00edculos de S\u00e3o Gon\u00e7alo e Grande Rio, com agilidade, profissionais qualificados e treinados e as melhores condi\u00e7\u00f5es de pagamento!<br \/>\nSe voc\u00ea procura atendimento \u00e1gil e os menores pre\u00e7os em inspe\u00e7\u00e3o veicular, agende seu hor\u00e1rio e venha para a SG Inspe\u00e7\u00e3o!<ul id=\"menu-footer2\" class=\"menu\"><li id=\"menu-item-159\" class=\"menu-item menu-item-type-post_type menu-item-object-page menu-item-159\"><a href=\"https:\/\/sginspecao.com.br\/gnv\/vistoria-de-kit-gas\/\">Inspe\u00e7\u00e3o kit g\u00e1s<\/a><\/li>\n<li id=\"menu-item-156\" class=\"menu-item menu-item-type-post_type menu-item-object-page menu-item-156\"><a href=\"https:\/\/sginspecao.com.br\/gnv\/outras-inspecoes-e-vistorias\/vistoria-em-blindados\/\">Inspe\u00e7\u00e3o em blindados<\/a><\/li>\n<li id=\"menu-item-157\" class=\"menu-item menu-item-type-post_type menu-item-object-page menu-item-157\"><a href=\"https:\/\/sginspecao.com.br\/gnv\/outras-inspecoes-e-vistorias\/vistoria-em-sinistrados\/\">Inspe\u00e7\u00e3o em sinistrados<\/a><\/li>\n<li id=\"menu-item-158\" class=\"menu-item menu-item-type-post_type menu-item-object-page menu-item-158\"><a href=\"https:\/\/sginspecao.com.br\/gnv\/outras-inspecoes-e-vistorias\/vistoria-em-transformados\/\">Transformados<\/a><\/li>\n<li id=\"menu-item-36\" class=\"menu-item menu-item-type-post_type menu-item-object-page menu-item-36\"><a href=\"https:\/\/sginspecao.com.br\/gnv\/contatos\/\">Agende sua inspe\u00e7\u00e3o<\/a><\/li>\n<\/ul>\n<p>&nbsp;<\/p>\n<hr \/>\n<p>inspe\u00e7\u00e3o veicular, inspe\u00e7\u00e3o veicular em S\u00e3o Gon\u00e7alo, inspe\u00e7\u00e3o veicular no Rio de Janeiro, inspe\u00e7\u00e3o Kit G\u00e1s, inspe\u00e7\u00e3o ve\u00edculos blindados, inspe\u00e7\u00e3o ve\u00edculos transformados, inspe\u00e7\u00e3o de ve\u00edculos sinistrados, inspe\u00e7\u00e3o de motos, inspe\u00e7\u00e3o de caminh\u00e3o, inspe\u00e7\u00e3o de ve\u00edculos, inspe\u00e7\u00e3o para vistorias no Detran, inspe\u00e7\u00e3o Denatran, inspe\u00e7\u00e3o grande rio,inspe\u00e7\u00e3o de caminh\u00e3o para vistoria Detran, inspe\u00e7\u00e3o veicular promo\u00e7\u00e3o, onde fazer inspe\u00e7\u00e3o GNV em Niter\u00f3i, inspe\u00e7\u00e3o veicular, inspe\u00e7\u00e3o de ve\u00edculos transformados, inspe\u00e7\u00e3o veicular pre\u00e7o 2019, Inspe\u00e7\u00e3o GNV em S\u00e3o Gon\u00e7alo, Inspe\u00e7\u00e3o GNV menor pre\u00e7o, inspe\u00e7\u00e3o kit g\u00e1s em S\u00e3o Gon\u00e7alo, regulariza\u00e7\u00e3o veiculo blindado Detran RJ, inspe\u00e7\u00e3o de ve\u00edculos Grande Rio, inspe\u00e7\u00e3o veicular GNV em S\u00e3o Gon\u00e7alo, inspe\u00e7\u00e3o veicular GNV no Fonseca, inspe\u00e7\u00e3o na Francisco de Assis Fonseca, inspe\u00e7\u00e3o de Motocicletas, inspe\u00e7\u00e3o de Recuperados De Sinistro pro Detran, inspe\u00e7\u00e3o veicular pre\u00e7o 2018, Inspe\u00e7\u00e3o de blindados, Inspe\u00e7\u00e3o kit g\u00e1s, inspe\u00e7\u00e3o kit g\u00e1s menor pre\u00e7o, inspe\u00e7\u00e3o veicular caminh\u00e3o pre\u00e7o, SG INSPE\u00c7\u00c3O, inspe\u00e7\u00e3o de Caminh\u00f5es, inspe\u00e7\u00e3o de Caminh\u00f5es para vistoria anual, inspe\u00e7\u00e3o de Motocicletas para vistoria anual, inspe\u00e7\u00e3o de ve\u00edculos blindados, inspe\u00e7\u00e3o veicular com Acredita\u00e7\u00e3o da Coordena\u00e7\u00e3o Geral de Acredita\u00e7\u00e3o do Acredita\u00e7\u00e3o da Coordena\u00e7\u00e3o Geral de Acredita\u00e7\u00e3o do INMETRO, o que reprova na vistoria do GNV, inspe\u00e7\u00e3o GNV pre\u00e7o, inspe\u00e7\u00e3o de ve\u00edculos para vistoria, Inspe\u00e7\u00e3o de caminh\u00f5es, valor da taxa de inspe\u00e7\u00e3o veicular GNV, Inspe\u00e7\u00e3o GNV r\u00e1pida, inspe\u00e7\u00e3o de motos em\u00a0 Niter\u00f3i, inspe\u00e7\u00e3o veicular Acredita\u00e7\u00e3o da Coordena\u00e7\u00e3o Geral de Acredita\u00e7\u00e3o do INMETRO, Vistoria GNV tamoio, inspe\u00e7\u00e3o veicular 2019, laudo Acredita\u00e7\u00e3o da Coordena\u00e7\u00e3o Geral de Acredita\u00e7\u00e3o do INMETRO blindagem, Inspe\u00e7\u00e3o de motos, Inspe\u00e7\u00e3o de kit g\u00e1s, onde fazer inspe\u00e7\u00e3o GNV em S\u00e3o Gon\u00e7alo, valor da taxa de inspe\u00e7\u00e3o veicular GNV 2018, declara\u00e7\u00e3o de blindagem de ve\u00edculos de passeio, como inspecionar veiculo blindado, inspe\u00e7\u00e3o veicular de caminh\u00e3o, Vistoria do g\u00e1s em frente ao tamoio, oficina de inspe\u00e7\u00e3o GNV em S\u00e3o Gon\u00e7alo, inspe\u00e7\u00e3o de Ve\u00edculos Transformados para vistoria Detran, inspe\u00e7\u00e3o veicular GNV em Itaipu, inspe\u00e7\u00e3o Acredita\u00e7\u00e3o da Coordena\u00e7\u00e3o Geral de Acredita\u00e7\u00e3o do INMETRO\u00a0 caminh\u00e3o, vistoria Acredita\u00e7\u00e3o da Coordena\u00e7\u00e3o Geral de Acredita\u00e7\u00e3o do INMETRO ve\u00edculos, inspe\u00e7\u00e3o de Recuperados De Sinistro, onde fazer inspe\u00e7\u00e3o veicular em S\u00e3o Gon\u00e7alo, inspe\u00e7\u00e3o veicular para caminh\u00e3o ca\u00e7amba, pre\u00e7os vistoria kit g\u00e1s, inspe\u00e7\u00e3o GNV Acredita\u00e7\u00e3o da Coordena\u00e7\u00e3o Geral de Acredita\u00e7\u00e3o do INMETRO rj, inspe\u00e7\u00e3o de Ve\u00edculo blindado, inspe\u00e7\u00e3o de Ve\u00edculo blindado para vistoria Detran, regulariza\u00e7\u00e3o veiculo blindado Niter\u00f3i, inspe\u00e7\u00e3o de \u00d4nibus para vistoria anual, vistoria GNV pre\u00e7o, SGIV, como passar na vistoria do GNV, inspe\u00e7\u00e3o de \u00d4nibus, onde fazer inspe\u00e7\u00e3o veicular em Niter\u00f3i, certificado de inspe\u00e7\u00e3o veicular Acredita\u00e7\u00e3o da Coordena\u00e7\u00e3o Geral de Acredita\u00e7\u00e3o do INMETRO , Vistoria GNV em frente ao tamoio, Inspe\u00e7\u00e3o GNV, inspe\u00e7\u00e3o de motos em s\u00e3o Gon\u00e7alo, inspe\u00e7\u00e3o veicular Denatran, S\u00e3o Gon\u00e7alo Inspe\u00e7\u00e3o veicular, inspe\u00e7\u00e3o de Ve\u00edculos Transformados, laudo inspe\u00e7\u00e3o ve\u00edculos sinistrados, vistoria kit g\u00e1s pre\u00e7o, inspe\u00e7\u00e3o veicular onde fazer<\/p>\n","protected":false},"excerpt":{"rendered":"<p>Confira nossa tabela de pre\u00e7os, abaixo: INSPE\u00c7\u00c3O VEICULAR\u00a0 PRE\u00c7O Clique aqui e agende sua inspe\u00e7\u00e3o! Aceitamos todos os cart\u00f5es e temos os menores pre\u00e7os do RJ. Inspe\u00e7\u00e3o GNV com os menores pre\u00e7os do RJ! Na hora de inspecionar seu ve\u00edculo,&hellip;&nbsp;<a href=\"https:\/\/sginspecao.com.br\/gnv\/precos\/\" class=\"more-link\">Saiba mais<\/a><\/p>\n","protected":false},"author":1,"featured_media":0,"parent":0,"menu_order":0,"comment_status":"closed","ping_status":"closed","template":"","meta":{"footnotes":"","_links_to":"","_links_to_target":""},"class_list":["post-257","page","type-page","status-publish","hentry"],"_links":{"self":[{"href":"https:\/\/sginspecao.com.br\/gnv\/wp-json\/wp\/v2\/pages\/257","targetHints":{"allow":["GET"]}}],"collection":[{"href":"https:\/\/sginspecao.com.br\/gnv\/wp-json\/wp\/v2\/pages"}],"about":[{"href":"https:\/\/sginspecao.com.br\/gnv\/wp-json\/wp\/v2\/types\/page"}],"author":[{"embeddable":true,"href":"https:\/\/sginspecao.com.br\/gnv\/wp-json\/wp\/v2\/users\/1"}],"replies":[{"embeddable":true,"href":"https:\/\/sginspecao.com.br\/gnv\/wp-json\/wp\/v2\/comments?post=257"}],"version-history":[{"count":23,"href":"https:\/\/sginspecao.com.br\/gnv\/wp-json\/wp\/v2\/pages\/257\/revisions"}],"predecessor-version":[{"id":798,"href":"https:\/\/sginspecao.com.br\/gnv\/wp-json\/wp\/v2\/pages\/257\/revisions\/798"}],"wp:attachment":[{"href":"https:\/\/sginspecao.com.br\/gnv\/wp-json\/wp\/v2\/media?parent=257"}],"curies":[{"name":"wp","href":"https:\/\/api.w.org\/{rel}","templated":true}]}}