{"id":628,"date":"2020-02-05T15:16:50","date_gmt":"2020-02-05T15:16:50","guid":{"rendered":"http:\/\/sginspecao.com.br\/gnv\/?page_id=628"},"modified":"2020-02-05T15:16:50","modified_gmt":"2020-02-05T15:16:50","slug":"normas","status":"publish","type":"page","link":"https:\/\/sginspecao.com.br\/gnv\/normas\/","title":{"rendered":"NORMAS"},"content":{"rendered":"<p><strong>NORMAS<\/strong><\/p>\n<p>Portaria INMETRO n\u00ba 30\/2004 \u2013 Aprova RTQ para ISV em Ve\u00edculos Rodovi\u00e1rios Automotores<br \/>\nPortaria INMETRO n\u00ba 32\/2004 \u2013 Aprova RTQ para ISV de Ve\u00edculos Recuperados de Sinistro<br \/>\nPortaria INMETRO n\u00ba 49\/2010 \u2013 Aprova RTQ para ISV de\u00a0Ve\u00edculos Rodovi\u00e1rios Automotores com Sistemas de GNV<br \/>\nResolu\u00e7\u00e3o CONTRAN n\u00ba 232\/2007 \u2013 Procedimento para a Presta\u00e7\u00e3o de Servi\u00e7os por Institui\u00e7\u00e3o T\u00e9cnica Licenciada-ITL, e por Entidade T\u00e9cnica P\u00fablica ou Paraestatal, para Emiss\u00e3o do Certificado de Seguran\u00e7a Veicular-CSV, de que Trata o Art.\u00a0 106\u00a0 do\u00a0 C\u00f3digo\u00a0 de\u00a0 Tr\u00e2nsito\u00a0 Brasileiro-CTB\u00a0 (Lei\u00a0 n.\u00ba9.503\/1997).<br \/>\nPortaria INMETRO n\u00ba 38 \u2013 Modifica\u00e7\u00e3o sem CAT<br \/>\nPortaria INMETRO n\u00ba 160 \u2013 Modifica\u00e7\u00e3o com CAT<br \/>\nPortaria INMETRO n\u00ba 55 \u2013 Modifica\u00e7\u00e3o Blindado<br \/>\nNBR 14040<br \/>\nNBR 17020<br \/>\nRQT \u2013 INSPE\u00c7\u00c3O DE SEGURAN\u00c7A VEICULAR DE MOTOCICLETAS E ASSEMELHADOS \u2013 RECUPERADAS DE SINISTRO<br \/>\nIBAMA 06<br \/>\nCONAMA 418<br \/>\nVe\u00edculos Rodovi\u00e1rios Automotores com Sistemas de GNV<\/p>\n","protected":false},"excerpt":{"rendered":"<p>NORMAS Portaria INMETRO n\u00ba 30\/2004 \u2013 Aprova RTQ para ISV em Ve\u00edculos Rodovi\u00e1rios Automotores Portaria INMETRO n\u00ba 32\/2004 \u2013 Aprova RTQ para ISV de Ve\u00edculos Recuperados de Sinistro Portaria INMETRO n\u00ba 49\/2010 \u2013 Aprova RTQ para ISV de\u00a0Ve\u00edculos Rodovi\u00e1rios Automotores&hellip;&nbsp;<a href=\"https:\/\/sginspecao.com.br\/gnv\/normas\/\" class=\"more-link\">Saiba mais<\/a><\/p>\n","protected":false},"author":1,"featured_media":0,"parent":0,"menu_order":0,"comment_status":"closed","ping_status":"closed","template":"","meta":{"footnotes":"","_links_to":"","_links_to_target":""},"class_list":["post-628","page","type-page","status-publish","hentry"],"_links":{"self":[{"href":"https:\/\/sginspecao.com.br\/gnv\/wp-json\/wp\/v2\/pages\/628","targetHints":{"allow":["GET"]}}],"collection":[{"href":"https:\/\/sginspecao.com.br\/gnv\/wp-json\/wp\/v2\/pages"}],"about":[{"href":"https:\/\/sginspecao.com.br\/gnv\/wp-json\/wp\/v2\/types\/page"}],"author":[{"embeddable":true,"href":"https:\/\/sginspecao.com.br\/gnv\/wp-json\/wp\/v2\/users\/1"}],"replies":[{"embeddable":true,"href":"https:\/\/sginspecao.com.br\/gnv\/wp-json\/wp\/v2\/comments?post=628"}],"version-history":[{"count":1,"href":"https:\/\/sginspecao.com.br\/gnv\/wp-json\/wp\/v2\/pages\/628\/revisions"}],"predecessor-version":[{"id":629,"href":"https:\/\/sginspecao.com.br\/gnv\/wp-json\/wp\/v2\/pages\/628\/revisions\/629"}],"wp:attachment":[{"href":"https:\/\/sginspecao.com.br\/gnv\/wp-json\/wp\/v2\/media?parent=628"}],"curies":[{"name":"wp","href":"https:\/\/api.w.org\/{rel}","templated":true}]}}